{"id":497,"date":"2016-01-11T06:19:28","date_gmt":"2016-01-11T06:19:28","guid":{"rendered":"http:\/\/fabiolamenchelli.com\/?page_id=497"},"modified":"2025-04-10T13:59:49","modified_gmt":"2025-04-10T19:59:49","slug":"bio","status":"publish","type":"page","link":"https:\/\/fabiolamenchelli.com\/es\/bio\/","title":{"rendered":"Bio"},"content":{"rendered":"<p>FABIOLA MENCHELLI<br \/>\nCiudad de M\u00e9xico, M\u00e9xico 1983<br \/>\nVive y trabaja en la Ciudad de M\u00e9xico<\/p>\n<p>Fabiola Menchelli explora ideas esenciales sobre la fotograf\u00eda desde una amplia variedad de estrategias contempor\u00e1neas y t\u00e9cnicas experimentales. Utilizando el lenguaje de la abstracci\u00f3n, la obra busca expandir formas de mirar a trav\u00e9s de la fotograf\u00eda, sus historias y sus procesos y sus m\u00faltiples anclajes en la realidad.<\/p>\n<p>Estudi\u00f3 la Maestr\u00eda en Artes Visuales en Massachusetts College of Art y la Licenciatura en Artes Visuales Digitales en Victoria University. Sus m\u00e1s recientes muestras incluyen Parallax Helio, Marshall Gallery (Los \u00c1ngeles, 2025); certain silence, Norton Museum of Art (West Palm Beach, 2024); we are not what we have seen, curada por Laura Orozco, Angstroms \/ Arroniz Arte Contempor\u00e1neo (CDMX, 2024); Dark Moves: Fabiola Menchelli &amp; Heather Watkings, curada por Stephanie Snyder, Cooley Gallery (Portland, 2022); I carry all the names I\u2019m given, Arr\u00f3niz Arte Contempor\u00e1neo (CDMX, 2022); Parallax (Nueva York, 2021); y Under the Blue Sun, Marshall Contemporary (Los \u00c1ngeles, 2021). Form\u00f3 parte de la Bienal de Fotograf\u00eda en Jinan, China (2022); Helio, Espacio DD77 (Venecia, 2022); A Composition of Possibilities, Houston Center For Photography (Houston, 2021); Un grano en el ojo de la Monta\u00f1a, Fundaci\u00f3n MARSO (CDMX, 2019); Approaching Abstraction, Blain Southern (Londres, 2019); This Must Be The Place, Paris Photo (2018); e Interior \/ Exterior, Photo Dubai (2016).<\/p>\n<p>Su obra forma parte de la colecci\u00f3n del Perez Art Museum, Norton Museum of Art, JP Morgan Chase Art Collection, Ralph Lauren Collection, Colecci\u00f3n Don Julio, Eskenazi Museum of Art Collection, Colecci\u00f3n Zarur, el Centro de la Imagen, entre otras. Ha sido invitada a participar en distintas residencias art\u00edsticas como la de Skowhegan School of Painting and Sculpture, Bemis Center for Contemporary Arts, Casa Wabi y Casa Nano. Recibi\u00f3 la Beca Fulbright \u2013 Garc\u00eda Robles (2011-2013), FONCA-CONACYT para estudios en el extranjero (2011-2013), Massart Dean\u2019s Award (2012-2013), el Premio de Adquisici\u00f3n de la XVI Bienal de Fotograf\u00eda del Centro de la Imagen (2014) y el Sistema Nacional de Creadores del Arte del FONCA (2019-2022). Su m\u00e1s reciente libro. publicado por ESPAC, se titula Desdoble, Fabiola Menchelli &amp; Andrea Chapela (2022). Su trabajo ha sido incluido en Pictures, ed. Ken Miller, There Editions, USA (2022), y en publicaciones como Aperture, OSMOS, Terremoto, L\u2019Officiel, Glasstire, entre otras.<\/p>\n<p>En el 2020, Menchelli fund\u00f3 el C\u00edrculo de Cr\u00edtica de Obra, un programa en l\u00ednea para artistas latinoamericanos emergentes que busca generar una comunidad horizontal de pares para apoyar el desarrollo de proyectos art\u00edsticos.<\/p>\n<p><a href=\"https:\/\/fabiolamenchelli.com\/\"><span style=\"font-weight: 300;\">https:\/\/fabiolamenchelli.com<\/span><span style=\"font-weight: 300;\"><br \/>\n<\/span><\/a><span style=\"font-weight: 300;\">IG: <\/span><a href=\"https:\/\/www.instagram.com\/fabiolamenchelli\/\"><span style=\"font-weight: 300;\">@fabiolamenchelli<\/span><\/a><\/p>\n<p>&nbsp;<\/p>\n<h5><a href=\"https:\/\/fabiolamenchelli.com\/wp-content\/uploads\/2024\/04\/2024_menchelli_cv_esp.pdf\" target=\"_blank\" rel=\"noopener\">CV FABIOLA MENCHELLI<\/a><\/h5>\n<p><\/p>","protected":false},"excerpt":{"rendered":"<p>FABIOLA MENCHELLI Ciudad de M\u00e9xico, M\u00e9xico 1983 Vive y trabaja en la Ciudad de M\u00e9xico Fabiola Menchelli explora ideas esenciales sobre la fotograf\u00eda desde una amplia variedad de estrategias contempor\u00e1neas y t\u00e9cnicas experimentales. Utilizando el lenguaje de la abstracci\u00f3n, la obra busca expandir formas de mirar a trav\u00e9s de la fotograf\u00eda, sus historias y sus &hellip; <a href=\"https:\/\/fabiolamenchelli.com\/es\/bio\/\" class=\"more-link\">Sigue leyendo <span class=\"screen-reader-text\">Bio<\/span> <span class=\"meta-nav\">&rarr;<\/span><\/a><\/p>\n","protected":false},"author":4,"featured_media":2590,"parent":0,"menu_order":0,"comment_status":"closed","ping_status":"closed","template":"bio.php","meta":{"footnotes":""},"aioseo_notices":[],"_links":{"self":[{"href":"https:\/\/fabiolamenchelli.com\/es\/wp-json\/wp\/v2\/pages\/497"}],"collection":[{"href":"https:\/\/fabiolamenchelli.com\/es\/wp-json\/wp\/v2\/pages"}],"about":[{"href":"https:\/\/fabiolamenchelli.com\/es\/wp-json\/wp\/v2\/types\/page"}],"author":[{"embeddable":true,"href":"https:\/\/fabiolamenchelli.com\/es\/wp-json\/wp\/v2\/users\/4"}],"replies":[{"embeddable":true,"href":"https:\/\/fabiolamenchelli.com\/es\/wp-json\/wp\/v2\/comments?post=497"}],"version-history":[{"count":70,"href":"https:\/\/fabiolamenchelli.com\/es\/wp-json\/wp\/v2\/pages\/497\/revisions"}],"predecessor-version":[{"id":3546,"href":"https:\/\/fabiolamenchelli.com\/es\/wp-json\/wp\/v2\/pages\/497\/revisions\/3546"}],"wp:featuredmedia":[{"embeddable":true,"href":"https:\/\/fabiolamenchelli.com\/es\/wp-json\/wp\/v2\/media\/2590"}],"wp:attachment":[{"href":"https:\/\/fabiolamenchelli.com\/es\/wp-json\/wp\/v2\/media?parent=497"}],"curies":[{"name":"wp","href":"https:\/\/api.w.org\/{rel}","templated":true}]}}